{"id":618,"date":"2012-04-05T13:24:03","date_gmt":"2012-04-05T13:24:03","guid":{"rendered":"http:\/\/www.toldosguaruja.com.br\/site\/?page_id=618"},"modified":"2016-03-30T15:36:06","modified_gmt":"2016-03-30T19:36:06","slug":"empresa","status":"publish","type":"page","link":"http:\/\/www.toldosguaruja.com.br\/site\/index.php\/empresa\/","title":{"rendered":"A Empresa"},"content":{"rendered":"<p>Com inicio no ano de 1993, a Toldos Guaruj\u00e1 come\u00e7ou seus trabalhos com foco na qualidade nos seus produtos e atendimento, caracter\u00edsticas que s\u00e3o valorizadas e se mant\u00e9m at\u00e9 hoje.<\/p>\n<p>Com o passar dos anos e de seu crescimento no mercado, o ambiente tecnol\u00f3gico cada vez mais, foi sendo primordial para o aumento da agilidade de nossa produ\u00e7\u00e3o e o meio de estreitar o relacionamento com os nossos clientes de forma eficiente.<\/p>\n<p><span style=\"text-decoration: underline;\">Miss\u00e3o:<\/span> Desenvolver, produzir e comercializar toldos e coberturas com a excel\u00eancia na qualidade e entrega de servi\u00e7os, garantindo no mercado de forma crescente a credibilidade de nossos produtos e servi\u00e7os.<\/p>\n<p><span style=\"text-decoration: underline;\">Vis\u00e3o:<\/span> Ser a melhor empresa de toldos do pa\u00eds e ser a refer\u00eancia de excel\u00eancia em produtos e servi\u00e7os.<\/p>\n<p><span style=\"text-decoration: underline;\">Valores:<\/span><\/p>\n<ul>\n<li>Compromisso, responsabilidade e respeito com clientes e colaboradores;<\/li>\n<li>Compet\u00eancia e inova\u00e7\u00e3o;<\/li>\n<li>Estrat\u00e9gia e competitividade \u00e9tica.<\/li>\n<\/ul>\n","protected":false},"excerpt":{"rendered":"<p>Com inicio no ano de 1993, a Toldos Guaruj\u00e1 come\u00e7ou seus trabalhos com foco na qualidade nos seus produtos e atendimento, caracter\u00edsticas que s\u00e3o valorizadas e se mant\u00e9m at\u00e9 hoje. Com o passar dos anos e de seu crescimento no mercado, o ambiente tecnol\u00f3gico cada vez mais, foi sendo primordial para o aumento da agilidade [&hellip;]<\/p>\n","protected":false},"author":2,"featured_media":0,"parent":0,"menu_order":0,"comment_status":"closed","ping_status":"closed","template":"","meta":{"jetpack_post_was_ever_published":false},"jetpack_sharing_enabled":true,"jetpack_shortlink":"https:\/\/wp.me\/P7rfEu-9Y","jetpack-related-posts":[{"id":130,"url":"http:\/\/www.toldosguaruja.com.br\/site\/index.php\/produtos\/","url_meta":{"origin":618,"position":0},"title":"Produtos","date":"23\/02\/2011","format":false,"excerpt":"Bra\u00e7os Poliarticulados \u00a0 Bra\u00e7os Pivotantes \u00a0 Coberturas Individuais para Carro \u00a0 P\u00e9rgolas \u00a0 Persianas \/ Cortinas \u00a0 Policarbonato \u00a0 Telas de Sombreamento \u00a0 Toldos Verticais Toldos Fixo \u00a0 Tenda","rel":"","context":"Post similar","img":{"alt_text":"","src":"","width":0,"height":0},"classes":[]},{"id":10,"url":"http:\/\/www.toldosguaruja.com.br\/site\/index.php\/produtos\/portfolio-style-ii\/","url_meta":{"origin":618,"position":1},"title":"Portfolio style II","date":"23\/02\/2011","format":false,"excerpt":"","rel":"","context":"Post similar","img":{"alt_text":"","src":"","width":0,"height":0},"classes":[]},{"id":56,"url":"http:\/\/www.toldosguaruja.com.br\/site\/index.php\/clientes\/","url_meta":{"origin":618,"position":2},"title":"Clientes","date":"24\/02\/2011","format":false,"excerpt":"\u00a0 \u00a0 \u00a0 \u00a0 \u00a0 \u00a0","rel":"","context":"Post similar","img":{"alt_text":"","src":"","width":0,"height":0},"classes":[]},{"id":129,"url":"http:\/\/www.toldosguaruja.com.br\/site\/index.php\/contato\/","url_meta":{"origin":618,"position":3},"title":"Contato","date":"23\/02\/2011","format":false,"excerpt":"Toldos Guaruj\u00e1 Rua S\u00e3o Tiago, 47 - Vila Nasser, Campo Grande - MS, 79117-233 Hor\u00e1rio de funcionamento: segunda \u00e1 quinta das 07: \u00e1s 11:30 - 13:00 \u00e1s 17:30 \/\u00a0 sexta das 07:00 \u00e1s 11:30 -13:00 \u00e1s 16:30. Telefones (67) 3365-3948 (67) 99962-0485 (Whats) (67) 99906-7903 (Whats)","rel":"","context":"Post similar","img":{"alt_text":"","src":"","width":0,"height":0},"classes":[]},{"id":2369,"url":"http:\/\/www.toldosguaruja.com.br\/site\/index.php\/httpswww-facebook-comtoldosguarujamsfrefts\/","url_meta":{"origin":618,"position":4},"title":"Facebook","date":"02\/09\/2015","format":false,"excerpt":"","rel":"","context":"Post similar","img":{"alt_text":"","src":"","width":0,"height":0},"classes":[]},{"id":54,"url":"http:\/\/www.toldosguaruja.com.br\/site\/","url_meta":{"origin":618,"position":5},"title":"Alguns projetos","date":"24\/02\/2011","format":false,"excerpt":"\u00a0","rel":"","context":"Post similar","img":{"alt_text":"","src":"","width":0,"height":0},"classes":[]}],"_links":{"self":[{"href":"http:\/\/www.toldosguaruja.com.br\/site\/index.php\/wp-json\/wp\/v2\/pages\/618"}],"collection":[{"href":"http:\/\/www.toldosguaruja.com.br\/site\/index.php\/wp-json\/wp\/v2\/pages"}],"about":[{"href":"http:\/\/www.toldosguaruja.com.br\/site\/index.php\/wp-json\/wp\/v2\/types\/page"}],"author":[{"embeddable":true,"href":"http:\/\/www.toldosguaruja.com.br\/site\/index.php\/wp-json\/wp\/v2\/users\/2"}],"replies":[{"embeddable":true,"href":"http:\/\/www.toldosguaruja.com.br\/site\/index.php\/wp-json\/wp\/v2\/comments?post=618"}],"version-history":[{"count":3,"href":"http:\/\/www.toldosguaruja.com.br\/site\/index.php\/wp-json\/wp\/v2\/pages\/618\/revisions"}],"predecessor-version":[{"id":5306,"href":"http:\/\/www.toldosguaruja.com.br\/site\/index.php\/wp-json\/wp\/v2\/pages\/618\/revisions\/5306"}],"wp:attachment":[{"href":"http:\/\/www.toldosguaruja.com.br\/site\/index.php\/wp-json\/wp\/v2\/media?parent=618"}],"curies":[{"name":"wp","href":"https:\/\/api.w.org\/{rel}","templated":true}]}}