{"id":56,"date":"2011-02-24T21:24:27","date_gmt":"2011-02-24T21:24:27","guid":{"rendered":"http:\/\/localhost\/brankic1979.com\/theme\/UniverseWP\/?page_id=56"},"modified":"2016-04-12T09:30:41","modified_gmt":"2016-04-12T13:30:41","slug":"clientes","status":"publish","type":"page","link":"http:\/\/www.toldosguaruja.com.br\/site\/index.php\/clientes\/","title":{"rendered":"Clientes"},"content":{"rendered":"<p><a href=\"http:\/\/www.ferreiraalvesadvocacia.com.br\/\" target=\"_blank\"><img decoding=\"async\" loading=\"lazy\" class=\"alignleft size-thumbnail wp-image-1460\" title=\"imagem\" src=\"http:\/\/www.toldosguaruja.com.br\/site\/wp-content\/uploads\/imagem-150x150.jpg\" alt=\"\" width=\"150\" height=\"150\" \/><\/a><a href=\"http:\/\/www.multicasa.com.br\/home\/\" target=\"_blank\"><img decoding=\"async\" loading=\"lazy\" class=\"alignleft size-thumbnail wp-image-1466\" title=\"multicasa\" src=\"http:\/\/www.toldosguaruja.com.br\/site\/wp-content\/uploads\/multicasa-150x150.jpg\" alt=\"\" width=\"150\" height=\"150\" \/><\/a><a href=\"http:\/\/www.toldosguaruja.com.br\/site\/\" rel=\"attachment wp-att-1457\"><br \/>\n<\/a><a href=\"http:\/\/www.bigolinshop.com.br\/\" target=\"_blank\"><br \/>\n<\/a><a href=\"http:\/\/www.madezanmadeiras.com.br\/index.php\" target=\"_blank\"><img decoding=\"async\" loading=\"lazy\" class=\"alignleft wp-image-1778\" title=\"Madezan Madeiras\" src=\"http:\/\/www.toldosguaruja.com.br\/site\/wp-content\/uploads\/face-271x300.jpg\" alt=\"\" width=\"180\" height=\"180\" \/><\/a><br \/>\n<img decoding=\"async\" loading=\"lazy\" class=\"alignleft size-full wp-image-588\" title=\"1342863756\" src=\"http:\/\/www.toldosguaruja.com.br\/site\/wp-content\/uploads\/2011\/02\/1342863756.png\" alt=\"\" width=\"185\" height=\"185\" \/><\/p>\n<p><a href=\"http:\/\/www.grupopaludo.com\/\" target=\"_blank\"><br \/>\n<\/a><\/p>\n<p><a href=\"http:\/\/www.hotelvaleverde.com.br\/home.htm\" target=\"_blank\"><br \/>\n<img decoding=\"async\" loading=\"lazy\" class=\"alignleft size-full wp-image-585\" title=\"hotelvaleverde\" src=\"http:\/\/www.toldosguaruja.com.br\/site\/wp-content\/uploads\/2011\/02\/1096521371.png\" alt=\"\" width=\"186\" height=\"185\" \/><\/a><\/p>\n<p>&nbsp;<\/p>\n<p>&nbsp;<\/p>\n<p><a href=\"http:\/\/www.beatrizdealmeida.com.br\/\" target=\"_blank\"><br \/>\n<img decoding=\"async\" loading=\"lazy\" class=\"alignleft size-full wp-image-583\" title=\"Est\u00fadio de Dan\u00e7a Beatriz de Almeida\" src=\"http:\/\/www.toldosguaruja.com.br\/site\/wp-content\/uploads\/2011\/02\/963352653.png\" alt=\"\" width=\"185\" height=\"185\" \/><\/a><\/p>\n<p>&nbsp;<\/p>\n<p><a href=\"http:\/\/www.colegioabc.com.br\/portal\/\" target=\"_blank\"><br \/>\n<img decoding=\"async\" loading=\"lazy\" class=\"alignleft size-full wp-image-581\" title=\"colegio abc\" src=\"http:\/\/www.toldosguaruja.com.br\/site\/wp-content\/uploads\/2011\/02\/247852568.png\" alt=\"\" width=\"185\" height=\"185\" \/><\/a><\/p>\n<p>&nbsp;<\/p>\n<p>&nbsp;<\/p>\n<p><a href=\"\/\/www.google.com.br\/maps\/uv?hl=pt-BR&amp;pb=!1s0x9486e895d4e46f2f:0xdb7f41655f1d984c!2m5!2m2!1i80!2i80!3m1!2i100!3m1!7e115!4s\/\/lh3.googleusercontent.com\/proxy\/HYYW5Cc43G3B8lXinkvnEcMQJBewAX7uHBU-Tosn5hYT7evrR-NJfQm1UYHiQ16uuRXHBvftxQENKEKwtkRLNy7CaiPfBTgxPqDgQXt8M_iroV6EW8J9SZmt4zwJ0e6bXdMGmnLGCwul1sJTTJ89BB2vQgWitxOUafyv%3Dw213-h160!5smeta+agro+center+-+Pesquisa+Google&amp;imagekey=!1e2!2sk-A8-HSyU8AAAAQXIi87Uw&amp;sa=X&amp;ved=0ahUKEwiu6uH0mYnMAhULipAKHVF2BsUQoioIajAK\" target=\"_blank\" rel=\"attachment wp-att-1401\"><img decoding=\"async\" loading=\"lazy\" class=\"alignleft wp-image-1401 size-full\" title=\"metta\" src=\"http:\/\/www.toldosguaruja.com.br\/site\/wp-content\/uploads\/metta.jpg\" alt=\"\" width=\"185\" height=\"185\" \/><\/a><\/p>\n<p><a href=\"http:\/\/www.kampai.com.br\/\" target=\"_blank\"><br \/>\n<img decoding=\"async\" loading=\"lazy\" class=\"alignleft size-full wp-image-589\" title=\"kampai\" src=\"http:\/\/www.toldosguaruja.com.br\/site\/wp-content\/uploads\/2011\/02\/1866517813.png\" alt=\"\" width=\"185\" height=\"185\" \/><\/a><a href=\"http:\/\/www.fiatenzo.com.br\/\" target=\"_blank\" rel=\"attachment wp-att-4074\"><img data-attachment-id=\"4074\" data-permalink=\"http:\/\/www.toldosguaruja.com.br\/site\/index.php\/clientes\/fiatenzo\/\" data-orig-file=\"http:\/\/www.toldosguaruja.com.br\/site\/wp-content\/uploads\/2011\/02\/fiatenzo.jpg\" data-orig-size=\"300,84\" data-comments-opened=\"0\" data-image-meta=\"{&quot;aperture&quot;:&quot;0&quot;,&quot;credit&quot;:&quot;&quot;,&quot;camera&quot;:&quot;&quot;,&quot;caption&quot;:&quot;&quot;,&quot;created_timestamp&quot;:&quot;0&quot;,&quot;copyright&quot;:&quot;&quot;,&quot;focal_length&quot;:&quot;0&quot;,&quot;iso&quot;:&quot;0&quot;,&quot;shutter_speed&quot;:&quot;0&quot;,&quot;title&quot;:&quot;&quot;,&quot;orientation&quot;:&quot;0&quot;}\" data-image-title=\"fiatenzo\" data-image-description=\"\" data-image-caption=\"\" data-medium-file=\"http:\/\/www.toldosguaruja.com.br\/site\/wp-content\/uploads\/2011\/02\/fiatenzo-300x84.jpg\" data-large-file=\"http:\/\/www.toldosguaruja.com.br\/site\/wp-content\/uploads\/2011\/02\/fiatenzo.jpg\" decoding=\"async\" loading=\"lazy\" class=\"alignleft wp-image-4074 size-medium\" src=\"http:\/\/www.toldosguaruja.com.br\/site\/wp-content\/uploads\/2011\/02\/fiatenzo-300x84.jpg\" alt=\"fiatenzo\" width=\"300\" height=\"84\" data-id=\"4074\" \/><\/a>\u00a0<a href=\"http:\/\/www.veratti.com.br\/\" target=\"_blank\"><img decoding=\"async\" loading=\"lazy\" class=\"alignleft wp-image-2131 size-medium\" title=\"Mercado Veratti\" src=\"http:\/\/www.toldosguaruja.com.br\/site\/wp-content\/uploads\/Mercado-Veratti-300x169.jpg\" alt=\"\" width=\"300\" height=\"168\" \/><\/a><\/p>\n<p><a href=\"http:\/\/www.jlidak.com.br\/site\/\"><img decoding=\"async\" loading=\"lazy\" class=\"alignleft size-full wp-image-1450\" title=\" J LIDAK\" src=\"http:\/\/www.toldosguaruja.com.br\/site\/wp-content\/uploads\/LOGO-tigre-J-LIDAK.jpg\" alt=\"\" width=\"180\" height=\"180\" \/><\/a><\/p>\n<div><a href=\"http:\/\/centralborracha.com.br\/portal\/\" target=\"_blank\" rel=\"attachment wp-att-1484\"><img decoding=\"async\" loading=\"lazy\" class=\"alignleft wp-image-1484 size-full\" title=\"central logo\" src=\"http:\/\/www.toldosguaruja.com.br\/site\/wp-content\/uploads\/central-logo1.jpg\" alt=\"\" width=\"180\" height=\"180\" \/><\/a><\/div>\n","protected":false},"excerpt":{"rendered":"<p>&nbsp; &nbsp; &nbsp; &nbsp; &nbsp; \u00a0<\/p>\n","protected":false},"author":2,"featured_media":0,"parent":0,"menu_order":0,"comment_status":"closed","ping_status":"closed","template":"","meta":{"jetpack_post_was_ever_published":false},"jetpack_sharing_enabled":true,"jetpack_shortlink":"https:\/\/wp.me\/P7rfEu-U","jetpack-related-posts":[{"id":618,"url":"http:\/\/www.toldosguaruja.com.br\/site\/index.php\/empresa\/","url_meta":{"origin":56,"position":0},"title":"A Empresa","date":"05\/04\/2012","format":false,"excerpt":"Com inicio no ano de 1993, a Toldos Guaruj\u00e1 come\u00e7ou seus trabalhos com foco na qualidade nos seus produtos e atendimento, caracter\u00edsticas que s\u00e3o valorizadas e se mant\u00e9m at\u00e9 hoje. Com o passar dos anos e de seu crescimento no mercado, o ambiente tecnol\u00f3gico cada vez mais, foi sendo primordial\u2026","rel":"","context":"Post similar","img":{"alt_text":"","src":"","width":0,"height":0},"classes":[]}],"_links":{"self":[{"href":"http:\/\/www.toldosguaruja.com.br\/site\/index.php\/wp-json\/wp\/v2\/pages\/56"}],"collection":[{"href":"http:\/\/www.toldosguaruja.com.br\/site\/index.php\/wp-json\/wp\/v2\/pages"}],"about":[{"href":"http:\/\/www.toldosguaruja.com.br\/site\/index.php\/wp-json\/wp\/v2\/types\/page"}],"author":[{"embeddable":true,"href":"http:\/\/www.toldosguaruja.com.br\/site\/index.php\/wp-json\/wp\/v2\/users\/2"}],"replies":[{"embeddable":true,"href":"http:\/\/www.toldosguaruja.com.br\/site\/index.php\/wp-json\/wp\/v2\/comments?post=56"}],"version-history":[{"count":8,"href":"http:\/\/www.toldosguaruja.com.br\/site\/index.php\/wp-json\/wp\/v2\/pages\/56\/revisions"}],"predecessor-version":[{"id":4079,"href":"http:\/\/www.toldosguaruja.com.br\/site\/index.php\/wp-json\/wp\/v2\/pages\/56\/revisions\/4079"}],"wp:attachment":[{"href":"http:\/\/www.toldosguaruja.com.br\/site\/index.php\/wp-json\/wp\/v2\/media?parent=56"}],"curies":[{"name":"wp","href":"https:\/\/api.w.org\/{rel}","templated":true}]}}