{"id":54,"date":"2011-02-24T20:01:30","date_gmt":"2011-02-24T20:01:30","guid":{"rendered":"http:\/\/localhost\/brankic1979.com\/theme\/UniverseWP\/?page_id=54"},"modified":"2016-03-15T10:41:13","modified_gmt":"2016-03-15T14:41:13","slug":"home-page-slider","status":"publish","type":"page","link":"http:\/\/www.toldosguaruja.com.br\/site\/","title":{"rendered":"Alguns projetos"},"content":{"rendered":"<p>&nbsp;<br \/>\n<div class=\"cycloneslider cycloneslider-template-default cycloneslider-width-responsive\" id=\"cycloneslider-home-1\" style=\"max-width:960px\" > <div class=\"cycloneslider-slides cycle-slideshow\" data-cycle-allow-wrap=\"true\" data-cycle-dynamic-height=\"off\" data-cycle-auto-height=\"960:540\" data-cycle-auto-height-easing=\"null\" data-cycle-auto-height-speed=\"250\" data-cycle-delay=\"0\" data-cycle-easing=\"\" data-cycle-fx=\"fade\" data-cycle-hide-non-active=\"true\" data-cycle-log=\"false\" data-cycle-next=\"#cycloneslider-home-1 .cycloneslider-next\" data-cycle-pager=\"#cycloneslider-home-1 .cycloneslider-pager\" data-cycle-pause-on-hover=\"true\" data-cycle-prev=\"#cycloneslider-home-1 .cycloneslider-prev\" data-cycle-slides=\"&gt; div\" data-cycle-speed=\"1000\" data-cycle-swipe=\"1\" data-cycle-tile-count=\"7\" data-cycle-tile-delay=\"100\" data-cycle-tile-vertical=\"true\" data-cycle-timeout=\"4000\" > <div class=\"cycloneslider-slide cycloneslider-slide-image\" > <img src=\"http:\/\/www.toldosguaruja.com.br\/site\/wp-content\/uploads\/2017\/04\/infinity1-960x540.jpg\" alt=\"\" title=\"\" \/> <\/div> <div class=\"cycloneslider-slide cycloneslider-slide-image\" > <img src=\"http:\/\/www.toldosguaruja.com.br\/site\/wp-content\/uploads\/2017\/04\/13584816_1235158063161619_154148856842132078_o-960x540.jpg\" alt=\"\" title=\"\" \/> <\/div> <div class=\"cycloneslider-slide cycloneslider-slide-image\" > <img src=\"http:\/\/www.toldosguaruja.com.br\/site\/wp-content\/uploads\/2011\/02\/Cancun-21-700x424-2-960x540.jpg\" alt=\"\" title=\"\" \/> <\/div> <div class=\"cycloneslider-slide cycloneslider-slide-image\" > <img src=\"http:\/\/www.toldosguaruja.com.br\/site\/wp-content\/uploads\/2017\/03\/65392f4a-79f9-428a-8dae-d99a213e606d-960x540.jpg\" alt=\"\" title=\"\" \/> <\/div> <div class=\"cycloneslider-slide cycloneslider-slide-image\" > <img src=\"http:\/\/www.toldosguaruja.com.br\/site\/wp-content\/uploads\/2016\/04\/m1-premium-2-960x540.jpg\" alt=\"\" title=\"\" \/> <\/div> <div class=\"cycloneslider-slide cycloneslider-slide-image\" > <img src=\"http:\/\/www.toldosguaruja.com.br\/site\/wp-content\/uploads\/2011\/02\/M1-Premium2-960x540.jpg\" alt=\"\" title=\"\" \/> <\/div> <div class=\"cycloneslider-slide cycloneslider-slide-image\" > <img src=\"http:\/\/www.toldosguaruja.com.br\/site\/wp-content\/uploads\/2016\/06\/a0cf57c0-b5a7-416c-a49a-bc89b6a11176-1-960x540.jpg\" alt=\"\" title=\"\" \/> <\/div> <div class=\"cycloneslider-slide cycloneslider-slide-image\" > <img src=\"http:\/\/www.toldosguaruja.com.br\/site\/wp-content\/uploads\/2012\/06\/20150511_103631-1-960x540.jpg\" alt=\"\" title=\"\" \/> <\/div> <div class=\"cycloneslider-slide cycloneslider-slide-image\" > <img src=\"http:\/\/www.toldosguaruja.com.br\/site\/wp-content\/uploads\/2011\/02\/uve051-700x356-960x540.jpg\" alt=\"\" title=\"\" \/> <\/div> <div class=\"cycloneslider-slide cycloneslider-slide-image\" > <img src=\"http:\/\/www.toldosguaruja.com.br\/site\/wp-content\/uploads\/2011\/02\/Ares-max-51-700x462-960x540.jpg\" alt=\"\" title=\"\" \/> <\/div> <div class=\"cycloneslider-slide cycloneslider-slide-image\" > <img src=\"http:\/\/www.toldosguaruja.com.br\/site\/wp-content\/uploads\/2017\/04\/Eternity3-960x540.jpg\" alt=\"\" title=\"\" \/> <\/div> <div class=\"cycloneslider-slide cycloneslider-slide-image\" > <img src=\"http:\/\/www.toldosguaruja.com.br\/site\/wp-content\/uploads\/2017\/04\/13738225_1248197478524344_9028431547497612568_o-960x540.jpg\" alt=\"\" title=\"\" \/> <\/div> <div class=\"cycloneslider-slide cycloneslider-slide-image\" > <img src=\"http:\/\/www.toldosguaruja.com.br\/site\/wp-content\/uploads\/2017\/04\/atena-1-960x540.jpg\" alt=\"\" title=\"\" \/> <\/div> <div class=\"cycloneslider-slide cycloneslider-slide-image\" > <img src=\"http:\/\/www.toldosguaruja.com.br\/site\/wp-content\/uploads\/2016\/03\/Pergola-Zen-21B-700x330-1-960x540.jpg\" alt=\"\" title=\"\" \/> <\/div> <div class=\"cycloneslider-slide cycloneslider-slide-image\" > <img src=\"http:\/\/www.toldosguaruja.com.br\/site\/wp-content\/uploads\/2012\/06\/7e4e1bf2-eb08-49e3-8056-0418e6d3dde5-960x540.jpg\" alt=\"\" title=\"\" \/> <\/div> <div class=\"cycloneslider-slide cycloneslider-slide-image\" > <img src=\"http:\/\/www.toldosguaruja.com.br\/site\/wp-content\/uploads\/2017\/04\/teto1-960x540.jpg\" alt=\"\" title=\"\" \/> <\/div> <div class=\"cycloneslider-slide cycloneslider-slide-image\" > <img src=\"http:\/\/www.toldosguaruja.com.br\/site\/wp-content\/uploads\/2017\/03\/13724904_1245482358795856_1083145683662750961_o-e1490809122953-960x540.jpg\" alt=\"\" title=\"\" \/> <\/div> <div class=\"cycloneslider-slide cycloneslider-slide-image\" > <img src=\"http:\/\/www.toldosguaruja.com.br\/site\/wp-content\/uploads\/2017\/03\/screen-rits-031-700x461-960x540.jpg\" alt=\"\" title=\"\" \/> <\/div> <div class=\"cycloneslider-slide cycloneslider-slide-image\" > <img src=\"http:\/\/www.toldosguaruja.com.br\/site\/wp-content\/uploads\/2017\/04\/Shopping-Bosque-dos-Ipes-.jpg\" alt=\"\" title=\"\" \/> <\/div> <\/div> <div class=\"cycloneslider-pager\"><\/div> <a href=\"#\" class=\"cycloneslider-prev\"><\/a> <a href=\"#\" class=\"cycloneslider-next\"><\/a> <\/div><\/p>\n<p><div class=\"overline\"><h2>Instagram<\/h2><\/div><br \/>\n\t\t<div id=\"sbi_mod_error\" >\n\t\t\t<span>This error message is only visible to WordPress admins<\/span><br \/>\n\t\t\t<p><strong>Error: No feed found.<\/strong>\n\t\t\t<p>Please go to the Instagram Feed settings page to create a feed.<\/p>\n\t\t<\/div>\n\t\t<\/p>\n","protected":false},"excerpt":{"rendered":"<p>&nbsp;<\/p>\n","protected":false},"author":2,"featured_media":0,"parent":0,"menu_order":0,"comment_status":"open","ping_status":"open","template":"","meta":{"jetpack_post_was_ever_published":false},"jetpack_sharing_enabled":true,"jetpack_shortlink":"https:\/\/wp.me\/P7rfEu-S","jetpack-related-posts":[{"id":2463,"url":"http:\/\/www.toldosguaruja.com.br\/site\/index.php\/contato-arquiteto\/","url_meta":{"origin":54,"position":0},"title":"Contato arquiteto","date":"03\/03\/2016","format":false,"excerpt":"","rel":"","context":"Post similar","img":{"alt_text":"","src":"","width":0,"height":0},"classes":[]},{"id":313,"url":"http:\/\/www.toldosguaruja.com.br\/site\/index.php\/some-cool-stuff\/","url_meta":{"origin":54,"position":1},"title":"Some cool stuff","date":"11\/03\/2011","format":false,"excerpt":"","rel":"","context":"Post similar","img":{"alt_text":"","src":"","width":0,"height":0},"classes":[]},{"id":129,"url":"http:\/\/www.toldosguaruja.com.br\/site\/index.php\/contato\/","url_meta":{"origin":54,"position":2},"title":"Contato","date":"23\/02\/2011","format":false,"excerpt":"Toldos Guaruj\u00e1 Rua S\u00e3o Tiago, 47 - Vila Nasser, Campo Grande - MS, 79117-233 Hor\u00e1rio de funcionamento: segunda \u00e1 quinta das 07: \u00e1s 11:30 - 13:00 \u00e1s 17:30 \/\u00a0 sexta das 07:00 \u00e1s 11:30 -13:00 \u00e1s 16:30. Telefones (67) 3365-3948 (67) 99962-0485 (Whats) (67) 99906-7903 (Whats)","rel":"","context":"Post similar","img":{"alt_text":"","src":"","width":0,"height":0},"classes":[]}],"_links":{"self":[{"href":"http:\/\/www.toldosguaruja.com.br\/site\/index.php\/wp-json\/wp\/v2\/pages\/54"}],"collection":[{"href":"http:\/\/www.toldosguaruja.com.br\/site\/index.php\/wp-json\/wp\/v2\/pages"}],"about":[{"href":"http:\/\/www.toldosguaruja.com.br\/site\/index.php\/wp-json\/wp\/v2\/types\/page"}],"author":[{"embeddable":true,"href":"http:\/\/www.toldosguaruja.com.br\/site\/index.php\/wp-json\/wp\/v2\/users\/2"}],"replies":[{"embeddable":true,"href":"http:\/\/www.toldosguaruja.com.br\/site\/index.php\/wp-json\/wp\/v2\/comments?post=54"}],"version-history":[{"count":31,"href":"http:\/\/www.toldosguaruja.com.br\/site\/index.php\/wp-json\/wp\/v2\/pages\/54\/revisions"}],"predecessor-version":[{"id":4391,"href":"http:\/\/www.toldosguaruja.com.br\/site\/index.php\/wp-json\/wp\/v2\/pages\/54\/revisions\/4391"}],"wp:attachment":[{"href":"http:\/\/www.toldosguaruja.com.br\/site\/index.php\/wp-json\/wp\/v2\/media?parent=54"}],"curies":[{"name":"wp","href":"https:\/\/api.w.org\/{rel}","templated":true}]}}