{"id":130,"date":"2011-02-23T23:50:53","date_gmt":"2011-02-24T03:50:53","guid":{"rendered":"http:\/\/localhost\/brankic1979.com\/theme\/UniverseWP\/?page_id=8"},"modified":"2019-01-21T06:54:44","modified_gmt":"2019-01-21T10:54:44","slug":"produtos","status":"publish","type":"page","link":"http:\/\/www.toldosguaruja.com.br\/site\/index.php\/produtos\/","title":{"rendered":"Produtos"},"content":{"rendered":"<p><!-- [FeaturedImagesCat taxonomy='category' showCatName='true' parentcatsonly=\"true\"] --><\/p>\n<div class=\"row\" style=\"text-align: center;\">\n<div class=\"col-md-4\">\n<p><a href=\"http:\/\/www.toldosguaruja.com.br\/site\/index.php\/category\/bracos-poliarticulados\/\"><img data-attachment-id=\"4578\" data-permalink=\"http:\/\/www.toldosguaruja.com.br\/site\/index.php\/produtos\/whatsapp-image-2016-09-08-at-14-26-19-3\/\" data-orig-file=\"http:\/\/www.toldosguaruja.com.br\/site\/wp-content\/uploads\/2011\/02\/WhatsApp-Image-2016-09-08-at-14.26.19-e1490643440205.jpg\" data-orig-size=\"300,169\" data-comments-opened=\"0\" data-image-meta=\"{&quot;aperture&quot;:&quot;0&quot;,&quot;credit&quot;:&quot;User&quot;,&quot;camera&quot;:&quot;&quot;,&quot;caption&quot;:&quot;&quot;,&quot;created_timestamp&quot;:&quot;1484231404&quot;,&quot;copyright&quot;:&quot;&quot;,&quot;focal_length&quot;:&quot;0&quot;,&quot;iso&quot;:&quot;0&quot;,&quot;shutter_speed&quot;:&quot;0&quot;,&quot;title&quot;:&quot;&quot;,&quot;orientation&quot;:&quot;0&quot;}\" data-image-title=\"WhatsApp Image 2016-09-08 at 14.26.19\" data-image-description=\"\" data-image-caption=\"\" data-medium-file=\"http:\/\/www.toldosguaruja.com.br\/site\/wp-content\/uploads\/2011\/02\/WhatsApp-Image-2016-09-08-at-14.26.19-e1490643440205-300x169.jpg\" data-large-file=\"http:\/\/www.toldosguaruja.com.br\/site\/wp-content\/uploads\/2011\/02\/WhatsApp-Image-2016-09-08-at-14.26.19-e1490643440205.jpg\" decoding=\"async\" loading=\"lazy\" class=\"aligncenter wp-image-4578\" src=\"http:\/\/www.toldosguaruja.com.br\/site\/wp-content\/uploads\/2011\/02\/WhatsApp-Image-2016-09-08-at-14.26.19.jpg\" alt=\"\" width=\"300\" height=\"169\" data-id=\"4485\" \/><\/a><\/p>\n<h2 class=\"FeaturedImageCat FeaturedImageTax--category text-center\"><span style=\"color: #003366;\"><a style=\"color: #003366;\" href=\"http:\/\/www.toldosguaruja.com.br\/site\/index.php\/category\/bracos-poliarticulados\/\">Bra\u00e7os Poliarticulados<\/a><\/span><\/h2>\n<p>&nbsp;<\/p>\n<\/div>\n<div class=\"col-md-4\">\n<p><a href=\"http:\/\/www.toldosguaruja.com.br\/site\/index.php\/category\/bracos-pivotante\/\"><img data-attachment-id=\"4580\" data-permalink=\"http:\/\/www.toldosguaruja.com.br\/site\/index.php\/produtos\/a0cf57c0-b5a7-416c-a49a-bc89b6a11176-3\/\" data-orig-file=\"http:\/\/www.toldosguaruja.com.br\/site\/wp-content\/uploads\/2011\/02\/a0cf57c0-b5a7-416c-a49a-bc89b6a11176-e1490642371506.jpg\" data-orig-size=\"300,169\" data-comments-opened=\"0\" data-image-meta=\"{&quot;aperture&quot;:&quot;0&quot;,&quot;credit&quot;:&quot;User&quot;,&quot;camera&quot;:&quot;&quot;,&quot;caption&quot;:&quot;&quot;,&quot;created_timestamp&quot;:&quot;1484303878&quot;,&quot;copyright&quot;:&quot;&quot;,&quot;focal_length&quot;:&quot;0&quot;,&quot;iso&quot;:&quot;0&quot;,&quot;shutter_speed&quot;:&quot;0&quot;,&quot;title&quot;:&quot;&quot;,&quot;orientation&quot;:&quot;0&quot;}\" data-image-title=\"a0cf57c0-b5a7-416c-a49a-bc89b6a11176\" data-image-description=\"\" data-image-caption=\"\" data-medium-file=\"http:\/\/www.toldosguaruja.com.br\/site\/wp-content\/uploads\/2011\/02\/a0cf57c0-b5a7-416c-a49a-bc89b6a11176-300x169.jpg\" data-large-file=\"http:\/\/www.toldosguaruja.com.br\/site\/wp-content\/uploads\/2011\/02\/a0cf57c0-b5a7-416c-a49a-bc89b6a11176-1024x576.jpg\" decoding=\"async\" loading=\"lazy\" class=\"wp-image-4580 size-full aligncenter\" src=\"http:\/\/www.toldosguaruja.com.br\/site\/wp-content\/uploads\/2011\/02\/a0cf57c0-b5a7-416c-a49a-bc89b6a11176-e1490642371506.jpg\" alt=\"\" width=\"300\" height=\"169\" data-id=\"4486\" \/><\/a><\/p>\n<h2 class=\"FeaturedImageCat FeaturedImageTax--category text-center\"><span style=\"color: #003366;\"><a style=\"color: #003366;\" href=\"http:\/\/www.toldosguaruja.com.br\/site\/index.php\/category\/bracos-pivotante\/\">Bra\u00e7os Pivotantes<\/a><\/span><\/h2>\n<p>&nbsp;<\/p>\n<\/div>\n<div class=\"col-md-4\">\n<p><a href=\"http:\/\/www.toldosguaruja.com.br\/site\/index.php\/category\/coberturas-individuais-para-carro\/\"><img data-attachment-id=\"4785\" data-permalink=\"http:\/\/www.toldosguaruja.com.br\/site\/20150803060910-1\/\" data-orig-file=\"http:\/\/www.toldosguaruja.com.br\/site\/wp-content\/uploads\/2017\/04\/20150803060910-1.jpg\" data-orig-size=\"1032,581\" data-comments-opened=\"0\" data-image-meta=\"{&quot;aperture&quot;:&quot;0&quot;,&quot;credit&quot;:&quot;User&quot;,&quot;camera&quot;:&quot;&quot;,&quot;caption&quot;:&quot;&quot;,&quot;created_timestamp&quot;:&quot;1493196904&quot;,&quot;copyright&quot;:&quot;&quot;,&quot;focal_length&quot;:&quot;0&quot;,&quot;iso&quot;:&quot;0&quot;,&quot;shutter_speed&quot;:&quot;0&quot;,&quot;title&quot;:&quot;&quot;,&quot;orientation&quot;:&quot;0&quot;}\" data-image-title=\"20150803060910 (1)\" data-image-description=\"\" data-image-caption=\"\" data-medium-file=\"http:\/\/www.toldosguaruja.com.br\/site\/wp-content\/uploads\/2017\/04\/20150803060910-1-300x169.jpg\" data-large-file=\"http:\/\/www.toldosguaruja.com.br\/site\/wp-content\/uploads\/2017\/04\/20150803060910-1-1024x576.jpg\" decoding=\"async\" loading=\"lazy\" class=\"wp-image-4785 size-medium aligncenter\" src=\"http:\/\/www.toldosguaruja.com.br\/site\/wp-content\/uploads\/2017\/04\/20150803060910-1-300x169.jpg\" alt=\"\" width=\"300\" height=\"169\" data-id=\"4487\" srcset=\"http:\/\/www.toldosguaruja.com.br\/site\/wp-content\/uploads\/2017\/04\/20150803060910-1-300x169.jpg 300w, http:\/\/www.toldosguaruja.com.br\/site\/wp-content\/uploads\/2017\/04\/20150803060910-1-768x432.jpg 768w, http:\/\/www.toldosguaruja.com.br\/site\/wp-content\/uploads\/2017\/04\/20150803060910-1-1024x576.jpg 1024w, http:\/\/www.toldosguaruja.com.br\/site\/wp-content\/uploads\/2017\/04\/20150803060910-1.jpg 1032w\" sizes=\"(max-width: 300px) 100vw, 300px\" \/><\/a><\/p>\n<h2 class=\"FeaturedImageCat FeaturedImageTax--category text-center\"><span style=\"color: #003366;\"><a style=\"color: #003366;\" href=\"http:\/\/www.toldosguaruja.com.br\/site\/index.php\/category\/coberturas-individuais-para-carro\/\">Coberturas Individuais para Carro<\/a><\/span><\/h2>\n<p>&nbsp;<\/p>\n<\/div>\n<\/div>\n<div class=\"row\" style=\"text-align: center;\">\n<div class=\"col-md-4\">\n<p><a href=\"http:\/\/www.toldosguaruja.com.br\/site\/index.php\/category\/pergolas\/\"><img data-attachment-id=\"4581\" data-permalink=\"http:\/\/www.toldosguaruja.com.br\/site\/index.php\/produtos\/pergola-zen-5-700x330-3\/\" data-orig-file=\"http:\/\/www.toldosguaruja.com.br\/site\/wp-content\/uploads\/2011\/02\/Pergola-Zen-5-700x330-1-e1490642989796.jpg\" data-orig-size=\"300,169\" data-comments-opened=\"0\" data-image-meta=\"{&quot;aperture&quot;:&quot;0&quot;,&quot;credit&quot;:&quot;User&quot;,&quot;camera&quot;:&quot;&quot;,&quot;caption&quot;:&quot;&quot;,&quot;created_timestamp&quot;:&quot;1484581500&quot;,&quot;copyright&quot;:&quot;&quot;,&quot;focal_length&quot;:&quot;0&quot;,&quot;iso&quot;:&quot;0&quot;,&quot;shutter_speed&quot;:&quot;0&quot;,&quot;title&quot;:&quot;&quot;,&quot;orientation&quot;:&quot;0&quot;}\" data-image-title=\"Pergola-Zen-5-700&#215;330\" data-image-description=\"\" data-image-caption=\"\" data-medium-file=\"http:\/\/www.toldosguaruja.com.br\/site\/wp-content\/uploads\/2011\/02\/Pergola-Zen-5-700x330-1-e1490642989796-300x169.jpg\" data-large-file=\"http:\/\/www.toldosguaruja.com.br\/site\/wp-content\/uploads\/2011\/02\/Pergola-Zen-5-700x330-1-e1490642989796.jpg\" decoding=\"async\" loading=\"lazy\" class=\"aligncenter wp-image-4581\" src=\"http:\/\/www.toldosguaruja.com.br\/site\/wp-content\/uploads\/2011\/02\/Pergola-Zen-5-700x330-1.jpg\" alt=\"\" width=\"312\" height=\"169\" data-id=\"4485\" \/><\/a><\/p>\n<h2 class=\"FeaturedImageCat FeaturedImageTax--category text-center\"><span style=\"color: #003366;\"><a style=\"color: #003366;\" href=\"http:\/\/www.toldosguaruja.com.br\/site\/index.php\/category\/pergolas\/\">P\u00e9rgolas<\/a><\/span><\/h2>\n<p>&nbsp;<\/p>\n<\/div>\n<div class=\"col-md-4\">\n<p><a href=\"http:\/\/www.toldosguaruja.com.br\/site\/index.php\/persianas\"><img data-attachment-id=\"4582\" data-permalink=\"http:\/\/www.toldosguaruja.com.br\/site\/index.php\/produtos\/13243731_1201773096500116_3132775695257612531_o-2\/\" data-orig-file=\"http:\/\/www.toldosguaruja.com.br\/site\/wp-content\/uploads\/2011\/02\/13243731_1201773096500116_3132775695257612531_o-e1490643122753.jpg\" data-orig-size=\"300,169\" data-comments-opened=\"0\" data-image-meta=\"{&quot;aperture&quot;:&quot;0&quot;,&quot;credit&quot;:&quot;User&quot;,&quot;camera&quot;:&quot;&quot;,&quot;caption&quot;:&quot;&quot;,&quot;created_timestamp&quot;:&quot;1490113379&quot;,&quot;copyright&quot;:&quot;&quot;,&quot;focal_length&quot;:&quot;0&quot;,&quot;iso&quot;:&quot;0&quot;,&quot;shutter_speed&quot;:&quot;0&quot;,&quot;title&quot;:&quot;&quot;,&quot;orientation&quot;:&quot;0&quot;}\" data-image-title=\"13243731_1201773096500116_3132775695257612531_o\" data-image-description=\"\" data-image-caption=\"\" data-medium-file=\"http:\/\/www.toldosguaruja.com.br\/site\/wp-content\/uploads\/2011\/02\/13243731_1201773096500116_3132775695257612531_o-e1490643122753-300x169.jpg\" data-large-file=\"http:\/\/www.toldosguaruja.com.br\/site\/wp-content\/uploads\/2011\/02\/13243731_1201773096500116_3132775695257612531_o-1024x574.jpg\" decoding=\"async\" loading=\"lazy\" class=\"aligncenter wp-image-4582\" src=\"http:\/\/www.toldosguaruja.com.br\/site\/wp-content\/uploads\/2011\/02\/13243731_1201773096500116_3132775695257612531_o.jpg\" alt=\"\" width=\"302\" height=\"169\" data-id=\"4486\" \/><\/a><\/p>\n<h2 class=\"FeaturedImageCat FeaturedImageTax--category text-center\"><span style=\"color: #003366;\"><a style=\"color: #003366;\" href=\"http:\/\/www.toldosguaruja.com.br\/site\/index.php\/persianas\">Persianas \/ Cortinas<\/a><\/span><\/h2>\n<p>&nbsp;<\/p>\n<\/div>\n<div class=\"col-md-4\">\n<p><a href=\"http:\/\/www.toldosguaruja.com.br\/site\/index.php\/category\/policarbonato\/\"><img data-attachment-id=\"4487\" data-permalink=\"http:\/\/www.toldosguaruja.com.br\/site\/index.php\/produtos\/capa-2\/\" data-orig-file=\"http:\/\/www.toldosguaruja.com.br\/site\/wp-content\/uploads\/2011\/02\/capa.png\" data-orig-size=\"239,179\" data-comments-opened=\"0\" data-image-meta=\"{&quot;aperture&quot;:&quot;0&quot;,&quot;credit&quot;:&quot;&quot;,&quot;camera&quot;:&quot;&quot;,&quot;caption&quot;:&quot;&quot;,&quot;created_timestamp&quot;:&quot;0&quot;,&quot;copyright&quot;:&quot;&quot;,&quot;focal_length&quot;:&quot;0&quot;,&quot;iso&quot;:&quot;0&quot;,&quot;shutter_speed&quot;:&quot;0&quot;,&quot;title&quot;:&quot;&quot;,&quot;orientation&quot;:&quot;0&quot;}\" data-image-title=\"capa\" data-image-description=\"\" data-image-caption=\"\" data-medium-file=\"http:\/\/www.toldosguaruja.com.br\/site\/wp-content\/uploads\/2011\/02\/capa.png\" data-large-file=\"http:\/\/www.toldosguaruja.com.br\/site\/wp-content\/uploads\/2011\/02\/capa.png\" decoding=\"async\" loading=\"lazy\" class=\"alignnone wp-image-4487 size-full\" src=\"http:\/\/www.toldosguaruja.com.br\/site\/wp-content\/uploads\/2011\/02\/home-03-300x169.jpg\" alt=\"\" width=\"300\" height=\"169\" data-id=\"4487\" \/><\/a><\/p>\n<h2 class=\"FeaturedImageCat FeaturedImageTax--category text-center\"><span style=\"color: #003366;\"><a style=\"color: #003366;\" href=\"http:\/\/www.toldosguaruja.com.br\/site\/index.php\/category\/policarbonato\/\">Policarbonato<\/a><\/span><\/h2>\n<p>&nbsp;<\/p>\n<\/div>\n<\/div>\n<div class=\"row\" style=\"text-align: center;\">\n<div class=\"col-md-4\">\n<p><a href=\"http:\/\/www.toldosguaruja.com.br\/site\/index.php\/category\/telas\/\"><img data-attachment-id=\"4630\" data-permalink=\"http:\/\/www.toldosguaruja.com.br\/site\/index.php\/2012\/06\/28\/tela-de-sombreamento-5\/20150511_103631-2\/\" data-orig-file=\"http:\/\/www.toldosguaruja.com.br\/site\/wp-content\/uploads\/2012\/06\/20150511_103631-1.jpg\" data-orig-size=\"4128,2322\" data-comments-opened=\"0\" data-image-meta=\"{&quot;aperture&quot;:&quot;2&quot;,&quot;credit&quot;:&quot;User&quot;,&quot;camera&quot;:&quot;SM-A500M&quot;,&quot;caption&quot;:&quot;&quot;,&quot;created_timestamp&quot;:&quot;1491986764&quot;,&quot;copyright&quot;:&quot;&quot;,&quot;focal_length&quot;:&quot;3.69&quot;,&quot;iso&quot;:&quot;50&quot;,&quot;shutter_speed&quot;:&quot;0.0012836970474968&quot;,&quot;title&quot;:&quot;&quot;,&quot;orientation&quot;:&quot;1&quot;}\" data-image-title=\"20150511_103631\" data-image-description=\"\" data-image-caption=\"\" data-medium-file=\"http:\/\/www.toldosguaruja.com.br\/site\/wp-content\/uploads\/2012\/06\/20150511_103631-1-300x169.jpg\" data-large-file=\"http:\/\/www.toldosguaruja.com.br\/site\/wp-content\/uploads\/2012\/06\/20150511_103631-1-1024x576.jpg\" decoding=\"async\" loading=\"lazy\" class=\"aligncenter wp-image-4630 size-medium\" src=\"http:\/\/www.toldosguaruja.com.br\/site\/wp-content\/uploads\/2012\/06\/20150511_103631-1-300x169.jpg\" alt=\"\" width=\"300\" height=\"169\" data-id=\"4485\" srcset=\"http:\/\/www.toldosguaruja.com.br\/site\/wp-content\/uploads\/2012\/06\/20150511_103631-1-300x169.jpg 300w, http:\/\/www.toldosguaruja.com.br\/site\/wp-content\/uploads\/2012\/06\/20150511_103631-1-768x432.jpg 768w, http:\/\/www.toldosguaruja.com.br\/site\/wp-content\/uploads\/2012\/06\/20150511_103631-1-1024x576.jpg 1024w\" sizes=\"(max-width: 300px) 100vw, 300px\" \/><\/a><\/p>\n<h2 class=\"FeaturedImageCat FeaturedImageTax--category text-center\"><span style=\"color: #003366;\"><a style=\"color: #003366;\" href=\"http:\/\/www.toldosguaruja.com.br\/site\/index.php\/category\/telas\/\">Telas de Sombreamento<\/a><\/span><\/h2>\n<p>&nbsp;<\/p>\n<\/div>\n<div class=\"col-md-4\">\n<p><a href=\"http:\/\/www.toldosguaruja.com.br\/site\/index.php\/category\/toldos-verticais\/\"><img data-attachment-id=\"4583\" data-permalink=\"http:\/\/www.toldosguaruja.com.br\/site\/index.php\/produtos\/748a4092-8f69-466c-91e9-5454967560fc-3\/\" data-orig-file=\"http:\/\/www.toldosguaruja.com.br\/site\/wp-content\/uploads\/2011\/02\/748a4092-8f69-466c-91e9-5454967560fc.jpg\" data-orig-size=\"1600,900\" data-comments-opened=\"0\" data-image-meta=\"{&quot;aperture&quot;:&quot;0&quot;,&quot;credit&quot;:&quot;User&quot;,&quot;camera&quot;:&quot;&quot;,&quot;caption&quot;:&quot;&quot;,&quot;created_timestamp&quot;:&quot;1490107447&quot;,&quot;copyright&quot;:&quot;&quot;,&quot;focal_length&quot;:&quot;0&quot;,&quot;iso&quot;:&quot;0&quot;,&quot;shutter_speed&quot;:&quot;0&quot;,&quot;title&quot;:&quot;&quot;,&quot;orientation&quot;:&quot;0&quot;}\" data-image-title=\"748a4092-8f69-466c-91e9-5454967560fc\" data-image-description=\"\" data-image-caption=\"\" data-medium-file=\"http:\/\/www.toldosguaruja.com.br\/site\/wp-content\/uploads\/2011\/02\/748a4092-8f69-466c-91e9-5454967560fc-300x169.jpg\" data-large-file=\"http:\/\/www.toldosguaruja.com.br\/site\/wp-content\/uploads\/2011\/02\/748a4092-8f69-466c-91e9-5454967560fc-1024x576.jpg\" decoding=\"async\" loading=\"lazy\" class=\"aligncenter wp-image-4583 size-medium\" src=\"http:\/\/www.toldosguaruja.com.br\/site\/wp-content\/uploads\/2011\/02\/748a4092-8f69-466c-91e9-5454967560fc-300x169.jpg\" alt=\"\" width=\"300\" height=\"169\" data-id=\"4486\" srcset=\"http:\/\/www.toldosguaruja.com.br\/site\/wp-content\/uploads\/2011\/02\/748a4092-8f69-466c-91e9-5454967560fc-300x169.jpg 300w, http:\/\/www.toldosguaruja.com.br\/site\/wp-content\/uploads\/2011\/02\/748a4092-8f69-466c-91e9-5454967560fc-768x432.jpg 768w, http:\/\/www.toldosguaruja.com.br\/site\/wp-content\/uploads\/2011\/02\/748a4092-8f69-466c-91e9-5454967560fc-1024x576.jpg 1024w, http:\/\/www.toldosguaruja.com.br\/site\/wp-content\/uploads\/2011\/02\/748a4092-8f69-466c-91e9-5454967560fc.jpg 1600w\" sizes=\"(max-width: 300px) 100vw, 300px\" \/><\/a><\/p>\n<h2 class=\"FeaturedImageCat FeaturedImageTax--category text-center\"><span style=\"color: #003366;\"><a style=\"color: #003366;\" href=\"http:\/\/www.toldosguaruja.com.br\/site\/index.php\/category\/toldos-verticais\/\">Toldos Verticais<\/a><\/span><\/h2>\n<p><img data-attachment-id=\"5212\" data-permalink=\"http:\/\/www.toldosguaruja.com.br\/site\/index.php\/produtos\/20150515_104102-960x600\/\" data-orig-file=\"http:\/\/www.toldosguaruja.com.br\/site\/wp-content\/uploads\/2019\/01\/20150515_104102-960x600.jpg\" data-orig-size=\"960,540\" data-comments-opened=\"0\" data-image-meta=\"{&quot;aperture&quot;:&quot;0&quot;,&quot;credit&quot;:&quot;&quot;,&quot;camera&quot;:&quot;&quot;,&quot;caption&quot;:&quot;&quot;,&quot;created_timestamp&quot;:&quot;0&quot;,&quot;copyright&quot;:&quot;&quot;,&quot;focal_length&quot;:&quot;0&quot;,&quot;iso&quot;:&quot;0&quot;,&quot;shutter_speed&quot;:&quot;0&quot;,&quot;title&quot;:&quot;&quot;,&quot;orientation&quot;:&quot;1&quot;}\" data-image-title=\"20150515_104102-960&#215;600\" data-image-description=\"\" data-image-caption=\"\" data-medium-file=\"http:\/\/www.toldosguaruja.com.br\/site\/wp-content\/uploads\/2019\/01\/20150515_104102-960x600-300x169.jpg\" data-large-file=\"http:\/\/www.toldosguaruja.com.br\/site\/wp-content\/uploads\/2019\/01\/20150515_104102-960x600.jpg\" decoding=\"async\" loading=\"lazy\" class=\"wp-image-5212 aligncenter\" src=\"http:\/\/www.toldosguaruja.com.br\/site\/wp-content\/uploads\/2019\/01\/20150515_104102-960x600.jpg\" alt=\"\" width=\"341\" height=\"192\" data-id=\"5212\" srcset=\"http:\/\/www.toldosguaruja.com.br\/site\/wp-content\/uploads\/2019\/01\/20150515_104102-960x600.jpg 960w, http:\/\/www.toldosguaruja.com.br\/site\/wp-content\/uploads\/2019\/01\/20150515_104102-960x600-300x169.jpg 300w, http:\/\/www.toldosguaruja.com.br\/site\/wp-content\/uploads\/2019\/01\/20150515_104102-960x600-768x432.jpg 768w\" sizes=\"(max-width: 341px) 100vw, 341px\" \/><\/p>\n<h2><a style=\"color: #000080;\" href=\"http:\/\/www.toldosguaruja.com.br\/site\/index.php\/category\/toldos-fixos\/\">Toldos Fixo<\/a><\/h2>\n<p>&nbsp;<\/p>\n<\/div>\n<div class=\"col-md-4\">\n<p><img data-attachment-id=\"5048\" data-permalink=\"http:\/\/www.toldosguaruja.com.br\/site\/index.php\/2018\/07\/16\/tenda-uve\/uve021-700x338\/\" data-orig-file=\"http:\/\/www.toldosguaruja.com.br\/site\/wp-content\/uploads\/2018\/07\/uve021-700x338.jpg\" data-orig-size=\"700,338\" data-comments-opened=\"0\" data-image-meta=\"{&quot;aperture&quot;:&quot;0&quot;,&quot;credit&quot;:&quot;&quot;,&quot;camera&quot;:&quot;&quot;,&quot;caption&quot;:&quot;&quot;,&quot;created_timestamp&quot;:&quot;0&quot;,&quot;copyright&quot;:&quot;&quot;,&quot;focal_length&quot;:&quot;0&quot;,&quot;iso&quot;:&quot;0&quot;,&quot;shutter_speed&quot;:&quot;0&quot;,&quot;title&quot;:&quot;&quot;,&quot;orientation&quot;:&quot;0&quot;}\" data-image-title=\"uve021-700&#215;338\" data-image-description=\"\" data-image-caption=\"\" data-medium-file=\"http:\/\/www.toldosguaruja.com.br\/site\/wp-content\/uploads\/2018\/07\/uve021-700x338-300x145.jpg\" data-large-file=\"http:\/\/www.toldosguaruja.com.br\/site\/wp-content\/uploads\/2018\/07\/uve021-700x338.jpg\" decoding=\"async\" loading=\"lazy\" class=\"wp-image-5048 aligncenter\" src=\"http:\/\/www.toldosguaruja.com.br\/site\/wp-content\/uploads\/2018\/07\/uve021-700x338.jpg\" alt=\"\" width=\"341\" height=\"165\" data-id=\"5048\" srcset=\"http:\/\/www.toldosguaruja.com.br\/site\/wp-content\/uploads\/2018\/07\/uve021-700x338.jpg 700w, http:\/\/www.toldosguaruja.com.br\/site\/wp-content\/uploads\/2018\/07\/uve021-700x338-300x145.jpg 300w\" sizes=\"(max-width: 341px) 100vw, 341px\" \/><\/p>\n<h2><span style=\"color: #003366;\"><a style=\"color: #003366;\" href=\"http:\/\/www.toldosguaruja.com.br\/site\/index.php\/2018\/07\/16\/tenda-uve\/\">Tenda<\/a><\/span><\/h2>\n<\/div>\n<\/div>\n","protected":false},"excerpt":{"rendered":"<p>Bra\u00e7os Poliarticulados &nbsp; Bra\u00e7os Pivotantes &nbsp; Coberturas Individuais para Carro &nbsp; P\u00e9rgolas &nbsp; Persianas \/ Cortinas &nbsp; Policarbonato &nbsp; Telas de Sombreamento &nbsp; Toldos Verticais Toldos Fixo &nbsp; Tenda<\/p>\n","protected":false},"author":2,"featured_media":0,"parent":0,"menu_order":0,"comment_status":"closed","ping_status":"closed","template":"","meta":{"jetpack_post_was_ever_published":false},"jetpack_sharing_enabled":true,"jetpack_shortlink":"https:\/\/wp.me\/P7rfEu-26","jetpack-related-posts":[{"id":10,"url":"http:\/\/www.toldosguaruja.com.br\/site\/index.php\/produtos\/portfolio-style-ii\/","url_meta":{"origin":130,"position":0},"title":"Portfolio style II","date":"23\/02\/2011","format":false,"excerpt":"","rel":"","context":"Post similar","img":{"alt_text":"","src":"","width":0,"height":0},"classes":[]},{"id":618,"url":"http:\/\/www.toldosguaruja.com.br\/site\/index.php\/empresa\/","url_meta":{"origin":130,"position":1},"title":"A Empresa","date":"05\/04\/2012","format":false,"excerpt":"Com inicio no ano de 1993, a Toldos Guaruj\u00e1 come\u00e7ou seus trabalhos com foco na qualidade nos seus produtos e atendimento, caracter\u00edsticas que s\u00e3o valorizadas e se mant\u00e9m at\u00e9 hoje. Com o passar dos anos e de seu crescimento no mercado, o ambiente tecnol\u00f3gico cada vez mais, foi sendo primordial\u2026","rel":"","context":"Post similar","img":{"alt_text":"","src":"","width":0,"height":0},"classes":[]}],"_links":{"self":[{"href":"http:\/\/www.toldosguaruja.com.br\/site\/index.php\/wp-json\/wp\/v2\/pages\/130"}],"collection":[{"href":"http:\/\/www.toldosguaruja.com.br\/site\/index.php\/wp-json\/wp\/v2\/pages"}],"about":[{"href":"http:\/\/www.toldosguaruja.com.br\/site\/index.php\/wp-json\/wp\/v2\/types\/page"}],"author":[{"embeddable":true,"href":"http:\/\/www.toldosguaruja.com.br\/site\/index.php\/wp-json\/wp\/v2\/users\/2"}],"replies":[{"embeddable":true,"href":"http:\/\/www.toldosguaruja.com.br\/site\/index.php\/wp-json\/wp\/v2\/comments?post=130"}],"version-history":[{"count":55,"href":"http:\/\/www.toldosguaruja.com.br\/site\/index.php\/wp-json\/wp\/v2\/pages\/130\/revisions"}],"predecessor-version":[{"id":5272,"href":"http:\/\/www.toldosguaruja.com.br\/site\/index.php\/wp-json\/wp\/v2\/pages\/130\/revisions\/5272"}],"wp:attachment":[{"href":"http:\/\/www.toldosguaruja.com.br\/site\/index.php\/wp-json\/wp\/v2\/media?parent=130"}],"curies":[{"name":"wp","href":"https:\/\/api.w.org\/{rel}","templated":true}]}}