{"id":129,"date":"2011-02-23T23:50:04","date_gmt":"2011-02-23T23:50:04","guid":{"rendered":"http:\/\/localhost\/brankic1979.com\/theme\/UniverseWP\/?page_id=6"},"modified":"2024-10-23T16:17:56","modified_gmt":"2024-10-23T20:17:56","slug":"contato","status":"publish","type":"page","link":"http:\/\/www.toldosguaruja.com.br\/site\/index.php\/contato\/","title":{"rendered":"Contato"},"content":{"rendered":"<div class=\"row\">\n<div class=\"col-md-4\"><div role=\"form\" class=\"wpcf7\" id=\"wpcf7-f2460-o1\" lang=\"en-US\" dir=\"ltr\">\n<div class=\"screen-reader-response\"><p role=\"status\" aria-live=\"polite\" aria-atomic=\"true\"><\/p> <ul><\/ul><\/div>\n<form action=\"\/site\/index.php\/wp-json\/wp\/v2\/pages\/129#wpcf7-f2460-o1\" method=\"post\" class=\"wpcf7-form init\" novalidate=\"novalidate\" data-status=\"init\">\n<div style=\"display: none;\">\n<input type=\"hidden\" name=\"_wpcf7\" value=\"2460\" \/>\n<input type=\"hidden\" name=\"_wpcf7_version\" value=\"5.6.4\" \/>\n<input type=\"hidden\" name=\"_wpcf7_locale\" value=\"en_US\" \/>\n<input type=\"hidden\" name=\"_wpcf7_unit_tag\" value=\"wpcf7-f2460-o1\" \/>\n<input type=\"hidden\" name=\"_wpcf7_container_post\" value=\"0\" \/>\n<input type=\"hidden\" name=\"_wpcf7_posted_data_hash\" value=\"\" \/>\n<\/div>\n<p>Nome (obrigat\u00f3rio)<br \/>\n    <span class=\"wpcf7-form-control-wrap\" data-name=\"your-name\"><input type=\"text\" name=\"your-name\" value=\"\" size=\"40\" class=\"wpcf7-form-control wpcf7-text wpcf7-validates-as-required\" aria-required=\"true\" aria-invalid=\"false\" \/><\/span> <\/p>\n<p>E-mail (obrigat\u00f3rio)<br \/>\n    <span class=\"wpcf7-form-control-wrap\" data-name=\"your-email\"><input type=\"email\" name=\"your-email\" value=\"\" size=\"40\" class=\"wpcf7-form-control wpcf7-text wpcf7-email wpcf7-validates-as-required wpcf7-validates-as-email\" aria-required=\"true\" aria-invalid=\"false\" \/><\/span> <\/p>\n<p>Telefone (obrigat\u00f3rio)<br \/>\n    <span class=\"wpcf7-form-control-wrap\" data-name=\"your-tel\"><input type=\"text\" name=\"your-tel\" value=\"\" size=\"40\" class=\"wpcf7-form-control wpcf7-text wpcf7-validates-as-required\" aria-required=\"true\" aria-invalid=\"false\" \/><\/span> <\/p>\n<p>Cidade (obrigat\u00f3rio)<br \/>\n    <span class=\"wpcf7-form-control-wrap\" data-name=\"your-city\"><input type=\"text\" name=\"your-city\" value=\"\" size=\"40\" class=\"wpcf7-form-control wpcf7-text wpcf7-validates-as-required\" aria-required=\"true\" aria-invalid=\"false\" \/><\/span> <\/p>\n<p>Assunto<br \/>\n    <span class=\"wpcf7-form-control-wrap\" data-name=\"your-subject\"><input type=\"text\" name=\"your-subject\" value=\"\" size=\"40\" class=\"wpcf7-form-control wpcf7-text\" aria-invalid=\"false\" \/><\/span> <\/p>\n<p>Mensagem<br \/>\n    <span class=\"wpcf7-form-control-wrap\" data-name=\"your-message\"><textarea name=\"your-message\" cols=\"40\" rows=\"10\" class=\"wpcf7-form-control wpcf7-textarea\" aria-invalid=\"false\"><\/textarea><\/span> <\/p>\n<p><input type=\"submit\" value=\"Enviar\" class=\"wpcf7-form-control has-spinner wpcf7-submit\" \/><\/p>\n<div class=\"wpcf7-response-output\" aria-hidden=\"true\"><\/div><\/form><\/div><\/div>\n<div class=\"col-md-8\">\n<div class=\"row\">\n<div class=\"col-md-12\">\n<h3>Toldos Guaruj\u00e1<\/h3>\n<\/div>\n<\/div>\n<div class=\"row\">\n<div class=\"col-md-12\">\n<p>Rua S\u00e3o Tiago, 47 &#8211; Vila Nasser, Campo Grande &#8211; MS, 79117-233<\/p>\n<p>Hor\u00e1rio de funcionamento: segunda \u00e1 quinta das 07: \u00e1s 11:30 &#8211; 13:00 \u00e1s 17:30 \/\u00a0 sexta das 07:00 \u00e1s 11:30 -13:00 \u00e1s 16:30.<\/p>\n<\/div>\n<\/div>\n<div class=\"row\">\n<div class=\"col-md-12\">\n<h5>Telefones<\/h5>\n<\/div>\n<\/div>\n<div class=\"row\">\n<div class=\"col-md-12\"><i class=\"fa fa-phone fa-lg\"><\/i><a href=\"tel:6733653948\"> (67) 3365-3948<\/a><\/div>\n<\/div>\n<div class=\"row\">\n<div class=\"col-md-12\"><i class=\"fa fa-mobile fa-lg\"><\/i><a href=\"tel:6799620485\"> (67) 99962-0485 <\/a><a href=\"tel:6781004989\"> (Whats)<\/a><\/div>\n<\/div>\n<div class=\"row\">\n<div class=\"col-md-12\"><i class=\"fa fa-whatsapp fa-lg\"><\/i><a href=\"tel:6781004989\"> (67) 99906-7903 (Whats)<\/a><\/div>\n<\/div>\n<div class=\"row\">\n<div class=\"col-md-12\"><iframe loading=\"lazy\" style=\"border: 0;\" src=\"https:\/\/www.google.com\/maps\/embed?pb=!1m18!1m12!1m3!1d3739.313898518171!2d-54.63099126056208!3d-20.41115988160281!2m3!1f0!2f0!3f0!3m2!1i1024!2i768!4f13.1!3m3!1m2!1s0x9486e7f4b145234d%3A0xdcf1fc037ff64589!2sToldo+Guaruja!5e0!3m2!1sen!2sbr!4v1457057857469\" width=\"960\" height=\"450\" frameborder=\"0\" allowfullscreen=\"allowfullscreen\"><\/iframe><\/div>\n<\/div>\n<\/div>\n<\/div>\n","protected":false},"excerpt":{"rendered":"<p>Toldos Guaruj\u00e1 Rua S\u00e3o Tiago, 47 &#8211; Vila Nasser, Campo Grande &#8211; MS, 79117-233 Hor\u00e1rio de funcionamento: segunda \u00e1 quinta das 07: \u00e1s 11:30 &#8211; 13:00 \u00e1s 17:30 \/\u00a0 sexta das 07:00 \u00e1s 11:30 -13:00 \u00e1s 16:30. Telefones (67) 3365-3948 (67) 99962-0485 (Whats) (67) 99906-7903 (Whats)<\/p>\n","protected":false},"author":2,"featured_media":0,"parent":0,"menu_order":0,"comment_status":"closed","ping_status":"closed","template":"","meta":{"jetpack_post_was_ever_published":false},"jetpack_sharing_enabled":true,"jetpack_shortlink":"https:\/\/wp.me\/P7rfEu-25","jetpack-related-posts":[{"id":2463,"url":"http:\/\/www.toldosguaruja.com.br\/site\/index.php\/contato-arquiteto\/","url_meta":{"origin":129,"position":0},"title":"Contato arquiteto","date":"03\/03\/2016","format":false,"excerpt":"","rel":"","context":"Post similar","img":{"alt_text":"","src":"","width":0,"height":0},"classes":[]}],"_links":{"self":[{"href":"http:\/\/www.toldosguaruja.com.br\/site\/index.php\/wp-json\/wp\/v2\/pages\/129"}],"collection":[{"href":"http:\/\/www.toldosguaruja.com.br\/site\/index.php\/wp-json\/wp\/v2\/pages"}],"about":[{"href":"http:\/\/www.toldosguaruja.com.br\/site\/index.php\/wp-json\/wp\/v2\/types\/page"}],"author":[{"embeddable":true,"href":"http:\/\/www.toldosguaruja.com.br\/site\/index.php\/wp-json\/wp\/v2\/users\/2"}],"replies":[{"embeddable":true,"href":"http:\/\/www.toldosguaruja.com.br\/site\/index.php\/wp-json\/wp\/v2\/comments?post=129"}],"version-history":[{"count":49,"href":"http:\/\/www.toldosguaruja.com.br\/site\/index.php\/wp-json\/wp\/v2\/pages\/129\/revisions"}],"predecessor-version":[{"id":5301,"href":"http:\/\/www.toldosguaruja.com.br\/site\/index.php\/wp-json\/wp\/v2\/pages\/129\/revisions\/5301"}],"wp:attachment":[{"href":"http:\/\/www.toldosguaruja.com.br\/site\/index.php\/wp-json\/wp\/v2\/media?parent=129"}],"curies":[{"name":"wp","href":"https:\/\/api.w.org\/{rel}","templated":true}]}}